{"id":75966,"date":"2023-11-08T13:55:08","date_gmt":"2023-11-08T18:55:08","guid":{"rendered":"https:\/\/www.fqm.qc.ca\/?page_id=75966"},"modified":"2024-11-01T14:06:30","modified_gmt":"2024-11-01T18:06:30","slug":"classified-ads","status":"publish","type":"page","link":"https:\/\/www.fqm.qc.ca\/en\/members\/classified-ads\/","title":{"rendered":"Classified ads"},"content":{"rendered":"<p style=\"text-align: center;\"><img loading=\"lazy\" decoding=\"async\" class=\"aligncenter wp-image-75969 size-full\" src=\"https:\/\/www.fqm.qc.ca\/wp-content\/uploads\/2023\/11\/Sans-titre-1024-x-384-px-16.png\" alt=\"\" width=\"1024\" height=\"384\" srcset=\"https:\/\/www.fqm.qc.ca\/wp-content\/uploads\/2023\/11\/Sans-titre-1024-x-384-px-16.png 1024w, https:\/\/www.fqm.qc.ca\/wp-content\/uploads\/2023\/11\/Sans-titre-1024-x-384-px-16-300x113.png 300w, https:\/\/www.fqm.qc.ca\/wp-content\/uploads\/2023\/11\/Sans-titre-1024-x-384-px-16-768x288.png 768w, https:\/\/www.fqm.qc.ca\/wp-content\/uploads\/2023\/11\/Sans-titre-1024-x-384-px-16-730x274.png 730w, https:\/\/www.fqm.qc.ca\/wp-content\/uploads\/2023\/11\/Sans-titre-1024-x-384-px-16-275x103.png 275w\" sizes=\"auto, (max-width: 1024px) 100vw, 1024px\" \/><\/p>\n<p>The F\u00e9d\u00e9ration qu\u00e9b\u00e9coise des massoth\u00e9rapeutes agr\u00e9\u00e9s (FQM) would like to thank you for thinking of its members and offering them your services. Your offer will be posted free of charge for two (2) months on the FQM website, in the <a href=\"https:\/\/www.fqm.qc.ca\/annonces\/\" target=\"_blank\" rel=\"noopener\">Classified ads<\/a>, following receipt of the form. To do so, simply e-mail the completed form to administration@fqm.qc.ca.<\/p>\n<p>*Please note that ads must exclusively contain an offer related to products and services intended for the practice of the profession.<\/p>\n<p><a href=\"https:\/\/www.fqm.qc.ca\/wp-content\/uploads\/2024\/11\/FOR-CO-006-Formulaire-Petite-annonce-2024EN.pdf\" target=\"_blank\" rel=\"noopener\">Job offers form<\/a> <br \/>\n<a href=\"https:\/\/www.fqm.qc.ca\/wp-content\/uploads\/2024\/11\/FOR-CO-007-Formulaire-Petites-annonces-2024EN.pdf\" target=\"_blank\" rel=\"noopener\">Miscellaneous advertisements (rental of premises, equipment, etc.)<\/a><\/p>\n","protected":false},"excerpt":{"rendered":"<p>The F\u00e9d\u00e9ration qu\u00e9b\u00e9coise des massoth\u00e9rapeutes agr\u00e9\u00e9s (FQM) would like to thank you for thinking of its members and offering them your services. Your offer will be posted free of charge for two (2) months on the FQM website, in the Classified ads, following receipt of the form. To do so, simply e-mail the completed form [&hellip;]<\/p>\n","protected":false},"author":3,"featured_media":0,"parent":4622,"menu_order":5,"comment_status":"closed","ping_status":"closed","template":"","meta":{"_acf_changed":false,"footnotes":""},"class_list":["post-75966","page","type-page","status-publish","hentry"],"acf":[],"_links":{"self":[{"href":"https:\/\/www.fqm.qc.ca\/en\/wp-json\/wp\/v2\/pages\/75966","targetHints":{"allow":["GET"]}}],"collection":[{"href":"https:\/\/www.fqm.qc.ca\/en\/wp-json\/wp\/v2\/pages"}],"about":[{"href":"https:\/\/www.fqm.qc.ca\/en\/wp-json\/wp\/v2\/types\/page"}],"author":[{"embeddable":true,"href":"https:\/\/www.fqm.qc.ca\/en\/wp-json\/wp\/v2\/users\/3"}],"replies":[{"embeddable":true,"href":"https:\/\/www.fqm.qc.ca\/en\/wp-json\/wp\/v2\/comments?post=75966"}],"version-history":[{"count":4,"href":"https:\/\/www.fqm.qc.ca\/en\/wp-json\/wp\/v2\/pages\/75966\/revisions"}],"predecessor-version":[{"id":77899,"href":"https:\/\/www.fqm.qc.ca\/en\/wp-json\/wp\/v2\/pages\/75966\/revisions\/77899"}],"up":[{"embeddable":true,"href":"https:\/\/www.fqm.qc.ca\/en\/wp-json\/wp\/v2\/pages\/4622"}],"wp:attachment":[{"href":"https:\/\/www.fqm.qc.ca\/en\/wp-json\/wp\/v2\/media?parent=75966"}],"curies":[{"name":"wp","href":"https:\/\/api.w.org\/{rel}","templated":true}]}}