{"id":72760,"date":"2022-09-15T10:51:26","date_gmt":"2022-09-15T14:51:26","guid":{"rendered":"https:\/\/www.fqm.qc.ca\/?page_id=72760"},"modified":"2025-10-16T14:28:37","modified_gmt":"2025-10-16T18:28:37","slug":"facebook-group-ma-fqm","status":"publish","type":"page","link":"https:\/\/www.fqm.qc.ca\/en\/members\/facebook-group-ma-fqm\/","title":{"rendered":"Facebook group Ma FQM"},"content":{"rendered":"<p>&nbsp;<\/p>\n<p style=\"text-align: center;\"><img loading=\"lazy\" decoding=\"async\" class=\"aligncenter wp-image-76774 size-full\" src=\"https:\/\/www.fqm.qc.ca\/wp-content\/uploads\/2024\/01\/Facebook-group-members.png\" alt=\"\" width=\"1024\" height=\"384\" srcset=\"https:\/\/www.fqm.qc.ca\/wp-content\/uploads\/2024\/01\/Facebook-group-members.png 1024w, https:\/\/www.fqm.qc.ca\/wp-content\/uploads\/2024\/01\/Facebook-group-members-300x113.png 300w, https:\/\/www.fqm.qc.ca\/wp-content\/uploads\/2024\/01\/Facebook-group-members-768x288.png 768w, https:\/\/www.fqm.qc.ca\/wp-content\/uploads\/2024\/01\/Facebook-group-members-730x274.png 730w, https:\/\/www.fqm.qc.ca\/wp-content\/uploads\/2024\/01\/Facebook-group-members-275x103.png 275w\" sizes=\"auto, (max-width: 1024px) 100vw, 1024px\" \/><\/p>\n<p>The <a href=\"https:\/\/www.facebook.com\/groups\/MaFQM\/\">Ma FQM<\/a> Facebook group is a place for members of the F\u00e9d\u00e9ration qu\u00e9b\u00e9coise des massoth\u00e9rapeutes agr\u00e9\u00e9s (FQM) to exchange, share and learn!<\/p>\n<p>Imagine sitting around a large dining table at lunchtime with all the certified massage therapists and the <a href=\"https:\/\/www.fqm.qc.ca\/en\/fqm\/team\/\">FQM team<\/a>. The tone is friendly, the exchanges lively and we get to know each other.<\/p>\n<p>We hear testimonials, questions, challenges, success stories&#8230;<\/p>\n<p>We discover inspiring projects and visions for the future&#8230;<\/p>\n<p>We talk about concrete problems and proven solutions&#8230;<\/p>\n<p>And we unite around the love of massage therapy.<\/p>\n<p>That&#8217;s what the <a href=\"https:\/\/www.facebook.com\/groups\/MaFQM\/\">Ma FQM<\/a> group is: it&#8217;s a table around which a great lively conversation takes place that takes us all a little further and weaves a stronger community.<\/p>\n<p>What&#8217;s on your mind today?<\/p>\n<p>What would help you practice better?<\/p>\n<p>Do you have a success story to tell?<\/p>\n<p>Share it!<\/p>\n<p>To join the group<\/p>\n<p><a href=\"https:\/\/www.facebook.com\/groups\/MaFQM\/\">www.facebook.com\/groups\/MaFQM\/<\/a><\/p>\n","protected":false},"excerpt":{"rendered":"<p>&nbsp; The Ma FQM Facebook group is a place for members of the F\u00e9d\u00e9ration qu\u00e9b\u00e9coise des massoth\u00e9rapeutes agr\u00e9\u00e9s (FQM) to exchange, share and learn! Imagine sitting around a large dining table at lunchtime with all the certified massage therapists and the FQM team. The tone is friendly, the exchanges lively and we get to know [&hellip;]<\/p>\n","protected":false},"author":3,"featured_media":0,"parent":4622,"menu_order":5,"comment_status":"closed","ping_status":"closed","template":"","meta":{"_acf_changed":false,"footnotes":""},"class_list":["post-72760","page","type-page","status-publish","hentry"],"acf":[],"_links":{"self":[{"href":"https:\/\/www.fqm.qc.ca\/en\/wp-json\/wp\/v2\/pages\/72760","targetHints":{"allow":["GET"]}}],"collection":[{"href":"https:\/\/www.fqm.qc.ca\/en\/wp-json\/wp\/v2\/pages"}],"about":[{"href":"https:\/\/www.fqm.qc.ca\/en\/wp-json\/wp\/v2\/types\/page"}],"author":[{"embeddable":true,"href":"https:\/\/www.fqm.qc.ca\/en\/wp-json\/wp\/v2\/users\/3"}],"replies":[{"embeddable":true,"href":"https:\/\/www.fqm.qc.ca\/en\/wp-json\/wp\/v2\/comments?post=72760"}],"version-history":[{"count":3,"href":"https:\/\/www.fqm.qc.ca\/en\/wp-json\/wp\/v2\/pages\/72760\/revisions"}],"predecessor-version":[{"id":81387,"href":"https:\/\/www.fqm.qc.ca\/en\/wp-json\/wp\/v2\/pages\/72760\/revisions\/81387"}],"up":[{"embeddable":true,"href":"https:\/\/www.fqm.qc.ca\/en\/wp-json\/wp\/v2\/pages\/4622"}],"wp:attachment":[{"href":"https:\/\/www.fqm.qc.ca\/en\/wp-json\/wp\/v2\/media?parent=72760"}],"curies":[{"name":"wp","href":"https:\/\/api.w.org\/{rel}","templated":true}]}}