{"id":72736,"date":"2022-09-14T12:14:18","date_gmt":"2022-09-14T16:14:18","guid":{"rendered":"https:\/\/www.fqm.qc.ca\/?page_id=72736"},"modified":"2025-10-15T13:17:43","modified_gmt":"2025-10-15T17:17:43","slug":"quebec-performance-award","status":"publish","type":"page","link":"https:\/\/www.fqm.qc.ca\/en\/fqm\/quebec-performance-award\/","title":{"rendered":"Quebec Performance Award"},"content":{"rendered":"<p>On November 15, 2018, the F\u00e9d\u00e9ration qu\u00e9b\u00e9coise des massoth\u00e9rapeutes agr\u00e9\u00e9s received a <a href=\"https:\/\/www.qualite.qc.ca\/salon-mpa\/prix-et-coups-de-coeur\/\" target=\"_blank\" rel=\"noopener\">mention<\/a> in the non-profit organization and association category at the 2018 edition of the Prix performance Qu\u00e9bec.<\/p>\n<p>&nbsp;<\/p>\n<h2>CONTINUING A TRADITION OF EXCELLENCE SINCE 1979<\/h2>\n<p>The FQM&#8217;s candidacy for the Prix performance Qu\u00e9bec is part of the continuity of its quality approach, which began in 2014 with the <a href=\"https:\/\/www.bnq.qc.ca\/fr\/\" target=\"_blank\" rel=\"noopener\">Bureau de normalisation du Qu\u00e9bec<\/a>, and the following year with the ISO 9001:2008 certification (ISO 9001:2015 in 2018).<\/p>\n<p>The story began in January 2018, when the FQM registered for the Prix performance Qu\u00e9bec. Since then, here&#8217;s how far we&#8217;ve come:<\/p>\n<p>October 2017: Registration of the FQM for the Prix performance Qu\u00e9bec<\/p>\n<p>December 2017 to March 2018: Drafting of the application file<\/p>\n<p>March 2018: Submission of the application file<\/p>\n<p>April to June 2018: Analysis of the application by a team of Prix performance Qu\u00e9bec evaluators<\/p>\n<p>June 2018: Visit to the FQM by the team of evaluators to examine certain elements of the application in greater detail and finalise the evaluation<\/p>\n<p>November 2018: The FQM receives a mention at the awards ceremony and an organizational diagnosis that will enable it to make its continuous improvement process even more effective<\/p>\n<h2>THE QUEBEC PERFORMANCE AWARD IN A FEW WORDS&#8230;<\/h2>\n<p>The Prix performance Qu\u00e9bec is the highest distinction awarded by the Quebec government to companies and public organizations that stand out for the quality of their management and their overall performance.<\/p>\n<p>Comparable to other internationally renowned awards such as the Malcolm Balbridge National Quality Award in the United States or the European Quality Award, the Prix performance Qu\u00e9bec rewards quality management and the deployment of best business practices in companies.<\/p>\n<p>The Prix performance Qu\u00e9bec are managed by the Mouvement qu\u00e9b\u00e9cois de la qualit\u00e9 in conjunction with the Minist\u00e8re de l&#8217;\u00c9conomie et de l&#8217;Innovation du Qu\u00e9bec.<\/p>\n<h2 style=\"text-align: left;\">FOR MORE INFORMATION ON THE FQM:<\/h2>\n<blockquote class=\"wp-embedded-content\" data-secret=\"GUOsuyk4tO\">\n<p><a href=\"https:\/\/www.fqm.qc.ca\/en\/fqm\/mission-vision\/\" target=\"_blank\" rel=\"noopener\">Mission and vision<\/a><\/p>\n<\/blockquote>\n<blockquote class=\"wp-embedded-content\" data-secret=\"otV8OQbN1Q\">\n<p><a href=\"https:\/\/www.fqm.qc.ca\/en\/fqm\/valeurs-de-la-fqm\/\" target=\"_blank\" rel=\"noopener\">The FQM&#8217;s values\u00a0<\/a><\/p>\n<p><a href=\"https:\/\/www.fqm.qc.ca\/en\/massage-therapy\/benefits\/\" target=\"_blank\" rel=\"noopener\">The benefits<\/a><\/p>\n<p><a href=\"https:\/\/www.fqm.qc.ca\/en\/fqm\/professional-project\/\" target=\"_blank\" rel=\"noopener\">Professional order project<\/a><\/p>\n<\/blockquote>\n<blockquote class=\"wp-embedded-content\" data-secret=\"NouL3muTMH\">\n<p><a href=\"https:\/\/www.fqm.qc.ca\/en\/massage-therapy\/what-is-massage-therapy\/\" target=\"_blank\" rel=\"noopener\">What is massage therapy?<\/a><\/p>\n<\/blockquote>\n<blockquote class=\"wp-embedded-content\" data-secret=\"rF2yysypth\">\n<p><a href=\"https:\/\/www.fqm.qc.ca\/en\/search-masso\/\" target=\"_blank\" rel=\"noopener\">Find a massoth\u00e9rapeute agr\u00e9\u00e9<\/a>\u00a0<\/p>\n<\/blockquote>\n<h6>\u00a0<\/h6>\n","protected":false},"excerpt":{"rendered":"<p>On November 15, 2018, the F\u00e9d\u00e9ration qu\u00e9b\u00e9coise des massoth\u00e9rapeutes agr\u00e9\u00e9s received a mention in the non-profit organization and association category at the 2018 edition of the Prix performance Qu\u00e9bec. &nbsp; CONTINUING A TRADITION OF EXCELLENCE SINCE 1979 The FQM&#8217;s candidacy for the Prix performance Qu\u00e9bec is part of the continuity of its quality approach, which [&hellip;]<\/p>\n","protected":false},"author":3,"featured_media":34114,"parent":4581,"menu_order":0,"comment_status":"closed","ping_status":"closed","template":"","meta":{"_acf_changed":false,"footnotes":""},"class_list":["post-72736","page","type-page","status-publish","has-post-thumbnail","hentry"],"acf":[],"_links":{"self":[{"href":"https:\/\/www.fqm.qc.ca\/en\/wp-json\/wp\/v2\/pages\/72736","targetHints":{"allow":["GET"]}}],"collection":[{"href":"https:\/\/www.fqm.qc.ca\/en\/wp-json\/wp\/v2\/pages"}],"about":[{"href":"https:\/\/www.fqm.qc.ca\/en\/wp-json\/wp\/v2\/types\/page"}],"author":[{"embeddable":true,"href":"https:\/\/www.fqm.qc.ca\/en\/wp-json\/wp\/v2\/users\/3"}],"replies":[{"embeddable":true,"href":"https:\/\/www.fqm.qc.ca\/en\/wp-json\/wp\/v2\/comments?post=72736"}],"version-history":[{"count":4,"href":"https:\/\/www.fqm.qc.ca\/en\/wp-json\/wp\/v2\/pages\/72736\/revisions"}],"predecessor-version":[{"id":81377,"href":"https:\/\/www.fqm.qc.ca\/en\/wp-json\/wp\/v2\/pages\/72736\/revisions\/81377"}],"up":[{"embeddable":true,"href":"https:\/\/www.fqm.qc.ca\/en\/wp-json\/wp\/v2\/pages\/4581"}],"wp:featuredmedia":[{"embeddable":true,"href":"https:\/\/www.fqm.qc.ca\/en\/wp-json\/wp\/v2\/media\/34114"}],"wp:attachment":[{"href":"https:\/\/www.fqm.qc.ca\/en\/wp-json\/wp\/v2\/media?parent=72736"}],"curies":[{"name":"wp","href":"https:\/\/api.w.org\/{rel}","templated":true}]}}