{"id":66062,"date":"2021-01-05T18:11:22","date_gmt":"2021-01-05T23:11:22","guid":{"rendered":"https:\/\/www.fqm.qc.ca\/?page_id=66062"},"modified":"2023-04-27T14:11:32","modified_gmt":"2023-04-27T18:11:32","slug":"massage-therapy-adapted-to-various-health-conditions","status":"publish","type":"page","link":"https:\/\/www.fqm.qc.ca\/en\/massage-therapy\/massage-therapy-adapted-to-various-health-conditions\/","title":{"rendered":"Massage therapy adapted to various health conditions"},"content":{"rendered":"<h1><img loading=\"lazy\" decoding=\"async\" class=\"alignnone  wp-image-74125\" src=\"https:\/\/www.fqm.qc.ca\/wp-content\/uploads\/2023\/04\/La-massotherapie-adaptee-a-differentes-conditions-de-sante-300x200.jpg\" alt=\"La massoth\u00e9rapie adapt\u00e9e \u00e0 diff\u00e9rentes conditions de sant\u00e9\" width=\"986\" height=\"657\" \/><\/h1>\n<h1>Massage therapy adapted to various health conditions<\/h1>\n<p>&nbsp;<\/p>\n<p style=\"text-align: justify; margin: 0cm 0cm 15.0pt 0cm;\"><strong><span lang=\"EN-CA\" style=\"font-family: 'Arial','sans-serif'; color: dimgray;\">Massage is a complementary approach that offers numerous benefits\u2014some of which may not be expected.\u00a0<\/span><\/strong><span lang=\"EN-CA\" style=\"font-family: 'Arial','sans-serif'; color: dimgray;\">It has been used for thousands of years to restore health and prevent disease. Massage can be relaxing or therapeutic, depending on the circumstances, and it is always adapted to the individual, their age and health condition. It is dispensed in conjunction with conventional medicine and other health disciplines for purposes of managing a variety of pathologies.<\/span><\/p>\n<p style=\"text-align: justify; margin: 0cm 0cm 15.0pt 0cm;\"><span lang=\"EN-CA\" style=\"font-family: 'Arial','sans-serif'; color: dimgray;\">Back pain, joint injuries and chronic disease are among the potential causes of pain, and they are all a normal part of the human experience we all have to deal with at some point in out lives.\u00a0<b>In addition to relieving muscle and joint tension<strong><span style=\"font-family: 'Arial','sans-serif';\">, massage serves to modulate nervous system function by short-circuiting pain signals<\/span><\/strong><\/b>. These benefits have been confirmed on several occasions and for numerous pathologies, notably arthritis, fibromyalgia, sprains, muscle strains, and joint injuries.<\/span><\/p>\n<p style=\"text-align: justify; margin: 0cm 0cm 15.0pt 0cm;\"><span lang=\"EN-CA\" style=\"font-family: 'Arial','sans-serif'; color: dimgray;\">To find out more, please read our articles about massage therapy applied to various health conditions:<\/span><\/p>\n<blockquote class=\"wp-embedded-content\" data-secret=\"1in0kbJrSm\"><p><a href=\"https:\/\/www.fqm.qc.ca\/en\/the-abcs-of-torticollis\/\">The ABCs of torticollis<\/a><\/p><\/blockquote>\n<p><iframe loading=\"lazy\" class=\"wp-embedded-content\" sandbox=\"allow-scripts\" security=\"restricted\" style=\"position: absolute; clip: rect(1px, 1px, 1px, 1px);\" title=\"&#8220;The ABCs of torticollis&#8221; &#8212; F\u00e9d\u00e9ration Qu\u00e9b\u00e9coise des Massoth\u00e9rapeutes Agr\u00e9\u00e9s\" src=\"https:\/\/www.fqm.qc.ca\/en\/the-abcs-of-torticollis\/embed\/#?secret=KHkRc7bUpb#?secret=1in0kbJrSm\" data-secret=\"1in0kbJrSm\" width=\"600\" height=\"338\" frameborder=\"0\" marginwidth=\"0\" marginheight=\"0\" scrolling=\"no\"><\/iframe><\/p>\n<blockquote class=\"wp-embedded-content\" data-secret=\"AeQlWDFU2l\"><p><a href=\"https:\/\/www.fqm.qc.ca\/en\/scoliosis-lordosis-kyphosis-what-role-can-massage-therapy-play\/\">Scoliosis, lordosis, kyphosis: What role can massage therapy play?<\/a><\/p><\/blockquote>\n<p><iframe loading=\"lazy\" class=\"wp-embedded-content\" sandbox=\"allow-scripts\" security=\"restricted\" style=\"position: absolute; clip: rect(1px, 1px, 1px, 1px);\" title=\"&#8220;Scoliosis, lordosis, kyphosis: What role can massage therapy play?&#8221; &#8212; F\u00e9d\u00e9ration Qu\u00e9b\u00e9coise des Massoth\u00e9rapeutes Agr\u00e9\u00e9s\" src=\"https:\/\/www.fqm.qc.ca\/en\/scoliosis-lordosis-kyphosis-what-role-can-massage-therapy-play\/embed\/#?secret=RJ4WayMSSt#?secret=AeQlWDFU2l\" data-secret=\"AeQlWDFU2l\" width=\"600\" height=\"338\" frameborder=\"0\" marginwidth=\"0\" marginheight=\"0\" scrolling=\"no\"><\/iframe><\/p>\n<blockquote class=\"wp-embedded-content\" data-secret=\"2arl5AGwem\"><p><a href=\"https:\/\/www.fqm.qc.ca\/en\/struggling-with-insomnia-give-massage-a-try\/\">Struggling with insomnia? Give massage a try!<\/a><\/p><\/blockquote>\n<p><iframe loading=\"lazy\" class=\"wp-embedded-content\" sandbox=\"allow-scripts\" security=\"restricted\" style=\"position: absolute; clip: rect(1px, 1px, 1px, 1px);\" title=\"&#8220;Struggling with insomnia? Give massage a try!&#8221; &#8212; F\u00e9d\u00e9ration Qu\u00e9b\u00e9coise des Massoth\u00e9rapeutes Agr\u00e9\u00e9s\" src=\"https:\/\/www.fqm.qc.ca\/en\/struggling-with-insomnia-give-massage-a-try\/embed\/#?secret=2QhzDOCqQO#?secret=2arl5AGwem\" data-secret=\"2arl5AGwem\" width=\"600\" height=\"338\" frameborder=\"0\" marginwidth=\"0\" marginheight=\"0\" scrolling=\"no\"><\/iframe><\/p>\n<blockquote class=\"wp-embedded-content\" data-secret=\"Oy26nbtqbn\"><p><a href=\"https:\/\/www.fqm.qc.ca\/en\/massage-therapy-in-the-management-of-fibromyalgia\/\">Massage therapy in the management of fibromyalgia<\/a><\/p><\/blockquote>\n<p><iframe loading=\"lazy\" class=\"wp-embedded-content\" sandbox=\"allow-scripts\" security=\"restricted\" style=\"position: absolute; clip: rect(1px, 1px, 1px, 1px);\" title=\"&#8220;Massage therapy in the management of fibromyalgia&#8221; &#8212; F\u00e9d\u00e9ration Qu\u00e9b\u00e9coise des Massoth\u00e9rapeutes Agr\u00e9\u00e9s\" src=\"https:\/\/www.fqm.qc.ca\/en\/massage-therapy-in-the-management-of-fibromyalgia\/embed\/#?secret=l2txHOCB9C#?secret=Oy26nbtqbn\" data-secret=\"Oy26nbtqbn\" width=\"600\" height=\"338\" frameborder=\"0\" marginwidth=\"0\" marginheight=\"0\" scrolling=\"no\"><\/iframe><\/p>\n<blockquote class=\"wp-embedded-content\" data-secret=\"GZcrj5p6wu\"><p><a href=\"https:\/\/www.fqm.qc.ca\/en\/massage-therapy-and-shoulder-pathologies\/\">Massage therapy and shoulder pathologies<\/a><\/p><\/blockquote>\n<p><iframe loading=\"lazy\" class=\"wp-embedded-content\" sandbox=\"allow-scripts\" security=\"restricted\" style=\"position: absolute; clip: rect(1px, 1px, 1px, 1px);\" title=\"&#8220;Massage therapy and shoulder pathologies&#8221; &#8212; F\u00e9d\u00e9ration Qu\u00e9b\u00e9coise des Massoth\u00e9rapeutes Agr\u00e9\u00e9s\" src=\"https:\/\/www.fqm.qc.ca\/en\/massage-therapy-and-shoulder-pathologies\/embed\/#?secret=gwzbMMG1Vd#?secret=GZcrj5p6wu\" data-secret=\"GZcrj5p6wu\" width=\"600\" height=\"338\" frameborder=\"0\" marginwidth=\"0\" marginheight=\"0\" scrolling=\"no\"><\/iframe><\/p>\n<blockquote class=\"wp-embedded-content\" data-secret=\"BUncJwkdg4\"><p><a href=\"https:\/\/www.fqm.qc.ca\/en\/what-massage-therapy-can-do-for-people-with-arthritis\/\">What massage therapy can do for people with arthritis<\/a><\/p><\/blockquote>\n<p><iframe loading=\"lazy\" class=\"wp-embedded-content\" sandbox=\"allow-scripts\" security=\"restricted\" style=\"position: absolute; clip: rect(1px, 1px, 1px, 1px);\" title=\"&#8220;What massage therapy can do for people with arthritis&#8221; &#8212; F\u00e9d\u00e9ration Qu\u00e9b\u00e9coise des Massoth\u00e9rapeutes Agr\u00e9\u00e9s\" src=\"https:\/\/www.fqm.qc.ca\/en\/what-massage-therapy-can-do-for-people-with-arthritis\/embed\/#?secret=joV9Gct7EP#?secret=BUncJwkdg4\" data-secret=\"BUncJwkdg4\" width=\"600\" height=\"338\" frameborder=\"0\" marginwidth=\"0\" marginheight=\"0\" scrolling=\"no\"><\/iframe><\/p>\n<blockquote class=\"wp-embedded-content\" data-secret=\"nEkn4CDfWI\"><p><a href=\"https:\/\/www.fqm.qc.ca\/en\/massage-therapy-for-people-living-with-cancer\/\">Massage therapy for people living with cancer<\/a><\/p><\/blockquote>\n<p><iframe loading=\"lazy\" class=\"wp-embedded-content\" sandbox=\"allow-scripts\" security=\"restricted\" style=\"position: absolute; clip: rect(1px, 1px, 1px, 1px);\" title=\"&#8220;Massage therapy for people living with cancer&#8221; &#8212; F\u00e9d\u00e9ration Qu\u00e9b\u00e9coise des Massoth\u00e9rapeutes Agr\u00e9\u00e9s\" src=\"https:\/\/www.fqm.qc.ca\/en\/massage-therapy-for-people-living-with-cancer\/embed\/#?secret=CgRYbtrKSF#?secret=nEkn4CDfWI\" data-secret=\"nEkn4CDfWI\" width=\"600\" height=\"338\" frameborder=\"0\" marginwidth=\"0\" marginheight=\"0\" scrolling=\"no\"><\/iframe><\/p>\n<blockquote class=\"wp-embedded-content\" data-secret=\"3DgCbnzb3n\"><p><a href=\"https:\/\/www.fqm.qc.ca\/en\/massage-therapy-and-anxiety\/\">Massage Therapy and Anxiety<\/a><\/p><\/blockquote>\n<p><iframe loading=\"lazy\" class=\"wp-embedded-content\" sandbox=\"allow-scripts\" security=\"restricted\" style=\"position: absolute; clip: rect(1px, 1px, 1px, 1px);\" title=\"&#8220;Massage Therapy and Anxiety&#8221; &#8212; F\u00e9d\u00e9ration Qu\u00e9b\u00e9coise des Massoth\u00e9rapeutes Agr\u00e9\u00e9s\" src=\"https:\/\/www.fqm.qc.ca\/en\/massage-therapy-and-anxiety\/embed\/#?secret=jnIAeHSkSS#?secret=3DgCbnzb3n\" data-secret=\"3DgCbnzb3n\" width=\"600\" height=\"338\" frameborder=\"0\" marginwidth=\"0\" marginheight=\"0\" scrolling=\"no\"><\/iframe><\/p>\n<p>&nbsp;<\/p>\n","protected":false},"excerpt":{"rendered":"<p>Massage therapy adapted to various health conditions &nbsp; Massage is a complementary approach that offers numerous benefits\u2014some of which may not be expected.\u00a0It has been used for thousands of years to restore health and prevent disease. Massage can be relaxing or therapeutic, depending on the circumstances, and it is always adapted to the individual, their [&hellip;]<\/p>\n","protected":false},"author":3,"featured_media":0,"parent":4592,"menu_order":4,"comment_status":"closed","ping_status":"closed","template":"","meta":{"_acf_changed":false,"footnotes":""},"class_list":["post-66062","page","type-page","status-publish","hentry"],"acf":[],"_links":{"self":[{"href":"https:\/\/www.fqm.qc.ca\/en\/wp-json\/wp\/v2\/pages\/66062","targetHints":{"allow":["GET"]}}],"collection":[{"href":"https:\/\/www.fqm.qc.ca\/en\/wp-json\/wp\/v2\/pages"}],"about":[{"href":"https:\/\/www.fqm.qc.ca\/en\/wp-json\/wp\/v2\/types\/page"}],"author":[{"embeddable":true,"href":"https:\/\/www.fqm.qc.ca\/en\/wp-json\/wp\/v2\/users\/3"}],"replies":[{"embeddable":true,"href":"https:\/\/www.fqm.qc.ca\/en\/wp-json\/wp\/v2\/comments?post=66062"}],"version-history":[{"count":2,"href":"https:\/\/www.fqm.qc.ca\/en\/wp-json\/wp\/v2\/pages\/66062\/revisions"}],"predecessor-version":[{"id":74373,"href":"https:\/\/www.fqm.qc.ca\/en\/wp-json\/wp\/v2\/pages\/66062\/revisions\/74373"}],"up":[{"embeddable":true,"href":"https:\/\/www.fqm.qc.ca\/en\/wp-json\/wp\/v2\/pages\/4592"}],"wp:attachment":[{"href":"https:\/\/www.fqm.qc.ca\/en\/wp-json\/wp\/v2\/media?parent=66062"}],"curies":[{"name":"wp","href":"https:\/\/api.w.org\/{rel}","templated":true}]}}