{"id":4635,"date":"2017-04-27T09:07:05","date_gmt":"2017-04-27T13:07:05","guid":{"rendered":"https:\/\/www.fqm.qc.ca\/membres\/encadrement-professionnel\/"},"modified":"2023-11-08T13:47:34","modified_gmt":"2023-11-08T18:47:34","slug":"professional-supervision","status":"publish","type":"page","link":"https:\/\/www.fqm.qc.ca\/en\/members\/professional-supervision\/","title":{"rendered":"Professional supervision"},"content":{"rendered":"<p>As an FQM member, our team is there to support you in your practice, especially if you have questions about the supervision process put in place by the FQM.<\/p>\n<p>At any time, if you have questions about inspections or the code of ethics, you can contact our member services, at <strong>1 800 363-9609<\/strong>, ext. 228 or by e-mail at <a href=\"mailto:support@fqm.qc.ca\">support@fqm.qc.ca<\/a>.<\/p>\n<p>Our team member will be able to put you in touch with the person in charge of inspections or our trustee.<\/p>\n<h2>PROFESSIONAL INSPECTIONS<\/h2>\n<p>Each year, the FQM\u2019s Professional Inspections Manager inspects approximately 200 of our randomly selected members across Quebec. The objective is to ensure compliance with norms, standards and regulations concerning not only safety, ethics and practice, but also files, receipts and office conduct.<\/p>\n<p>The role of the inspection manager is primarily to help you achieve excellence in your practice. Depending on the shortcomings reported, he or she will give you the tools to do so within a certain period of time, failing which sanctions could be applied, on the recommendation of the FQM trustee. But rest assured: to date, all annual inspection reports indicate that the vast majority of our members comply with the standards and regulations in force and with the FQM&#8217;s code of ethics.<\/p>\n<p>Video only in French.<\/p>\n<p><iframe loading=\"lazy\" title=\"Le Syndic \u00e0 la FQM : r\u00f4le et responsabilit\u00e9s\" width=\"640\" height=\"360\" src=\"https:\/\/www.youtube.com\/embed\/oBiWRqbjY5g?feature=oembed\" frameborder=\"0\" allow=\"accelerometer; autoplay; clipboard-write; encrypted-media; gyroscope; picture-in-picture; web-share\" referrerpolicy=\"strict-origin-when-cross-origin\" allowfullscreen><\/iframe><\/p>\n<p>You will find more details on this subject in our brochure <em><a href=\"https:\/\/www.fqm.qc.ca\/wp-content\/uploads\/2023\/11\/GAB-EP-005-AN_Depliant-Inspection-professionnelle.pdf\">Everything you always wanted to know about<\/a> professional inspection<\/em>, intended for our members.<\/p>\n<p>You can download and consult the FQM <a href=\"https:\/\/www.fqm.qc.ca\/wp-content\/uploads\/2023\/11\/GAB-EP-002-Reglement-sur-linspection-prof-rev.2-23oct2023EN-1.pdf\" target=\"_blank\" rel=\"noopener\"><em>Regulation on professional inspection<\/em><\/a>.<\/p>\n","protected":false},"excerpt":{"rendered":"<p>As an FQM member, our team is there to support you in your practice, especially if you have questions about the supervision process put in place by the FQM. At any time, if you have questions about inspections or the code of ethics, you can contact our member services, at 1 800 363-9609, ext. 228 [&hellip;]<\/p>\n","protected":false},"author":4,"featured_media":0,"parent":4622,"menu_order":10,"comment_status":"closed","ping_status":"closed","template":"","meta":{"_acf_changed":false,"footnotes":""},"class_list":["post-4635","page","type-page","status-publish","hentry"],"acf":[],"_links":{"self":[{"href":"https:\/\/www.fqm.qc.ca\/en\/wp-json\/wp\/v2\/pages\/4635","targetHints":{"allow":["GET"]}}],"collection":[{"href":"https:\/\/www.fqm.qc.ca\/en\/wp-json\/wp\/v2\/pages"}],"about":[{"href":"https:\/\/www.fqm.qc.ca\/en\/wp-json\/wp\/v2\/types\/page"}],"author":[{"embeddable":true,"href":"https:\/\/www.fqm.qc.ca\/en\/wp-json\/wp\/v2\/users\/4"}],"replies":[{"embeddable":true,"href":"https:\/\/www.fqm.qc.ca\/en\/wp-json\/wp\/v2\/comments?post=4635"}],"version-history":[{"count":4,"href":"https:\/\/www.fqm.qc.ca\/en\/wp-json\/wp\/v2\/pages\/4635\/revisions"}],"predecessor-version":[{"id":75962,"href":"https:\/\/www.fqm.qc.ca\/en\/wp-json\/wp\/v2\/pages\/4635\/revisions\/75962"}],"up":[{"embeddable":true,"href":"https:\/\/www.fqm.qc.ca\/en\/wp-json\/wp\/v2\/pages\/4622"}],"wp:attachment":[{"href":"https:\/\/www.fqm.qc.ca\/en\/wp-json\/wp\/v2\/media?parent=4635"}],"curies":[{"name":"wp","href":"https:\/\/api.w.org\/{rel}","templated":true}]}}