{"id":4634,"date":"2017-05-12T11:45:55","date_gmt":"2017-05-12T15:45:55","guid":{"rendered":"https:\/\/www.fqm.qc.ca\/membres\/formation\/"},"modified":"2026-02-05T10:40:08","modified_gmt":"2026-02-05T15:40:08","slug":"training","status":"publish","type":"page","link":"https:\/\/www.fqm.qc.ca\/en\/members\/training\/","title":{"rendered":"Training in massage therapy"},"content":{"rendered":"<p>&nbsp;<\/p>\n<p><img loading=\"lazy\" decoding=\"async\" class=\"aligncenter wp-image-74954 size-full\" src=\"https:\/\/www.fqm.qc.ca\/wp-content\/uploads\/2023\/09\/Sans-titre-1024-x-384-px-10.png\" alt=\"Formation en massoth\u00e9rapie\" width=\"1024\" height=\"384\" \/><\/p>\n<p style=\"text-align: justify;\">You\u2019ve worked hard to become a certified FQM massage therapist, which means that you meet all the requirements of Profile 1 (400 hours) set out in the <strong><a href=\"https:\/\/www.fqm.qc.ca\/wp-content\/uploads\/2023\/11\/3-profils-de-formation_rev5_2023_AN_WEB.pdf\" target=\"_blank\" rel=\"noopener noreferrer\">Mod\u00e8le qu\u00e9b\u00e9cois de la massoth\u00e9rapie<\/a><\/strong>. However, you want to continue on your learning path and further specialize. What will your next career goal be? To add to your knowledge? Further develop your expertise or roster of clients? Build upon or update your competencies?<\/p>\n<p style=\"text-align: justify;\">As a certified massage therapist, you have access to a series of training programs, all based on the <em>Model of competencies<\/em> offered exclusively in <a href=\"https:\/\/www.fqm.qc.ca\/en\/accredited-schools\/\" target=\"_blank\" rel=\"noopener noreferrer\"><strong>FQM-accredited schools<\/strong><\/a>. Thus, if you wish to pursue your training and reach new heights, it\u2019s important to make sure that the school you choose is recognized by the FQM.<\/p>\n<p style=\"text-align: justify;\">Here are the requirements of the various training profiles recognized by the FQM:<\/p>\n<ul style=\"text-align: justify;\">\n<li>Profile 1: 400 hours<\/li>\n<li>Profile 2: 1,000 hours<\/li>\n<li>Profile 3: 1,600 to 1,800 hours<\/li>\n<\/ul>\n<p style=\"text-align: justify;\">Please view the <strong><a href=\"https:\/\/www.fqm.qc.ca\/wp-content\/uploads\/2023\/11\/3-profils-de-formation_rev5_2023_AN_WEB.pdf\" target=\"_blank\" rel=\"noopener noreferrer\">Mod\u00e8le qu\u00e9b\u00e9cois de la massoth\u00e9rapie<\/a><\/strong>\u00a0for complete details on these profiles.<\/p>\n<p style=\"text-align: justify;\" data-tadv-p=\"keep\">\u00a0<\/p>\n","protected":false},"excerpt":{"rendered":"<p>&nbsp; You\u2019ve worked hard to become a certified FQM massage therapist, which means that you meet all the requirements of Profile 1 (400 hours) set out in the Mod\u00e8le qu\u00e9b\u00e9cois de la massoth\u00e9rapie. However, you want to continue on your learning path and further specialize. What will your next career goal be? To add to [&hellip;]<\/p>\n","protected":false},"author":4,"featured_media":0,"parent":4622,"menu_order":8,"comment_status":"closed","ping_status":"closed","template":"","meta":{"_acf_changed":false,"footnotes":""},"class_list":["post-4634","page","type-page","status-publish","hentry"],"acf":[],"_links":{"self":[{"href":"https:\/\/www.fqm.qc.ca\/en\/wp-json\/wp\/v2\/pages\/4634","targetHints":{"allow":["GET"]}}],"collection":[{"href":"https:\/\/www.fqm.qc.ca\/en\/wp-json\/wp\/v2\/pages"}],"about":[{"href":"https:\/\/www.fqm.qc.ca\/en\/wp-json\/wp\/v2\/types\/page"}],"author":[{"embeddable":true,"href":"https:\/\/www.fqm.qc.ca\/en\/wp-json\/wp\/v2\/users\/4"}],"replies":[{"embeddable":true,"href":"https:\/\/www.fqm.qc.ca\/en\/wp-json\/wp\/v2\/comments?post=4634"}],"version-history":[{"count":4,"href":"https:\/\/www.fqm.qc.ca\/en\/wp-json\/wp\/v2\/pages\/4634\/revisions"}],"predecessor-version":[{"id":84046,"href":"https:\/\/www.fqm.qc.ca\/en\/wp-json\/wp\/v2\/pages\/4634\/revisions\/84046"}],"up":[{"embeddable":true,"href":"https:\/\/www.fqm.qc.ca\/en\/wp-json\/wp\/v2\/pages\/4622"}],"wp:attachment":[{"href":"https:\/\/www.fqm.qc.ca\/en\/wp-json\/wp\/v2\/media?parent=4634"}],"curies":[{"name":"wp","href":"https:\/\/api.w.org\/{rel}","templated":true}]}}