{"id":4633,"date":"2017-07-28T15:44:00","date_gmt":"2017-07-28T19:44:00","guid":{"rendered":"https:\/\/www.fqm.qc.ca\/membres\/web-diffusion-bibliotheque-de-formation-ligne\/"},"modified":"2024-06-06T09:02:12","modified_gmt":"2024-06-06T13:02:12","slug":"online-training-capsules","status":"publish","type":"page","link":"https:\/\/www.fqm.qc.ca\/en\/members\/online-training-capsules\/","title":{"rendered":"Online Training Capsules"},"content":{"rendered":"<p>Designed to meet the needs of certified massage therapists, the training capsules are presented online during \u201cLIVE\u201d events on the <a href=\"http:\/\/www.facebook.com\/massotherapie.FQM\" target=\"_blank\" rel=\"noopener\">FQM Facebook page<\/a>.<\/p>\n<p>Stay tuned for our upcoming capsules! You\u2019ll get a chance to follow short training sessions that can be useful for your massage therapy practice. The capsules you complete will be recognized in your training file, under the block of complementary training options referred to in the <a href=\"https:\/\/www.fqm.qc.ca\/wp-content\/uploads\/2024\/06\/3-profils-de-formation_rev5_2023_AN_WEB.pdf\" target=\"_blank\" rel=\"noopener\"><strong>Mod\u00e8le qu\u00e9b\u00e9cois de la massoth\u00e9rapie<\/strong><\/a> (Qu\u00e9bec massage therapy model \u2013 in French). Please visit the <a href=\"https:\/\/extranet.fqm.qc.ca\/en\/online-trainings\" target=\"_blank\" rel=\"noopener\"><strong>reserved section<\/strong><\/a> to view rebroadcasts of the capsules.<\/p>\n<p><strong>Excerpt: Better understanding lumbar pain in massage therapy\u00a0<\/strong><\/p>\n<p><strong>Instructor<\/strong>: Annie Jubinville (certified sports massage therapist (ACMS) and physical rehabilitation therapist)<\/p>\n<p><a href=\"https:\/\/extranet.fqm.qc.ca\/formations-en-ligne\/capsule-de-formation-mieux-comprendre-les-douleurs-lombaires-15-h-avec-annie\"><strong>View the full capsule here<\/strong><\/a><\/p>\n<h2><strong>Excerpt: Understanding lower back pain when lumbar facet joints are overloaded<\/strong><\/h2>\n<p><strong>Instructor<\/strong>: S\u00e9bastien Forgues (certified kinesitherapist)<\/p>\n<p><a href=\"https:\/\/extranet.fqm.qc.ca\/formations-en-ligne\/le-syndrome-facettaire-2h-avec-sebastien-forgues-masso-kinesitherapeute\"><strong>View the full capsule here<\/strong><\/a><\/p>\n<h2><strong>Excerpt: How poor posture can give rise to or maintain a pathology<\/strong><\/h2>\n<p><strong>Instructor<\/strong>: Anne-Marie Trancoso (physiotherapist and instructor at the <a href=\"https:\/\/www.attitudemassotherapie.com\/\">attitude massoth\u00e9rapie <\/a>school in Qu\u00e9bec)<\/p>\n<p><a href=\"https:\/\/extranet.fqm.qc.ca\/formations-en-ligne\/capsule-de-formation-posture-et-pathologies-15-h-avec-anne-marie-trancoso\"><strong>View the full capsule here<\/strong><\/a><\/p>\n<h2><strong>Except: Plantar fasciitis: Pathology and treatment using therapeutic cups<\/strong><\/h2>\n<p><strong>Instructor<\/strong>: Francis Letourneau (acupuncture graduate, athlete and trainer)\u00a0<\/p>\n<p><a href=\"https:\/\/extranet.fqm.qc.ca\/formations-en-ligne\/capsule-de-formation-fasciite-plantaire-pathologie-et-intervention-avec-les\"><strong>View the full capsule here<\/strong><\/a><\/p>\n<h2><strong>Excerpt: Sensory modulation to treat pain<\/strong><\/h2>\n<p>Instructor: Isabelle Bujold (certified massage therapist)<\/p>\n<p><a href=\"https:\/\/extranet.fqm.qc.ca\/formations-en-ligne\/capsule-de-formation-modulation-sensorielle-de-la-douleur-15-h-avec-isabelle\"><strong>View the full capsule here<\/strong><\/a><\/p>\n<p>&nbsp;<\/p>\n","protected":false},"excerpt":{"rendered":"<p>Designed to meet the needs of certified massage therapists, the training capsules are presented online during \u201cLIVE\u201d events on the FQM Facebook page. Stay tuned for our upcoming capsules! You\u2019ll get a chance to follow short training sessions that can be useful for your massage therapy practice. The capsules you complete will be recognized in [&hellip;]<\/p>\n","protected":false},"author":3,"featured_media":0,"parent":4622,"menu_order":2,"comment_status":"closed","ping_status":"closed","template":"","meta":{"_acf_changed":false,"footnotes":""},"class_list":["post-4633","page","type-page","status-publish","hentry"],"acf":[],"_links":{"self":[{"href":"https:\/\/www.fqm.qc.ca\/en\/wp-json\/wp\/v2\/pages\/4633","targetHints":{"allow":["GET"]}}],"collection":[{"href":"https:\/\/www.fqm.qc.ca\/en\/wp-json\/wp\/v2\/pages"}],"about":[{"href":"https:\/\/www.fqm.qc.ca\/en\/wp-json\/wp\/v2\/types\/page"}],"author":[{"embeddable":true,"href":"https:\/\/www.fqm.qc.ca\/en\/wp-json\/wp\/v2\/users\/3"}],"replies":[{"embeddable":true,"href":"https:\/\/www.fqm.qc.ca\/en\/wp-json\/wp\/v2\/comments?post=4633"}],"version-history":[{"count":5,"href":"https:\/\/www.fqm.qc.ca\/en\/wp-json\/wp\/v2\/pages\/4633\/revisions"}],"predecessor-version":[{"id":77375,"href":"https:\/\/www.fqm.qc.ca\/en\/wp-json\/wp\/v2\/pages\/4633\/revisions\/77375"}],"up":[{"embeddable":true,"href":"https:\/\/www.fqm.qc.ca\/en\/wp-json\/wp\/v2\/pages\/4622"}],"wp:attachment":[{"href":"https:\/\/www.fqm.qc.ca\/en\/wp-json\/wp\/v2\/media?parent=4633"}],"curies":[{"name":"wp","href":"https:\/\/api.w.org\/{rel}","templated":true}]}}