{"id":4626,"date":"2017-11-03T16:04:42","date_gmt":"2017-11-03T20:04:42","guid":{"rendered":"https:\/\/www.fqm.qc.ca\/membres\/le-massager\/"},"modified":"2025-10-16T14:21:35","modified_gmt":"2025-10-16T18:21:35","slug":"le-massager","status":"publish","type":"page","link":"https:\/\/www.fqm.qc.ca\/en\/members\/le-massager\/","title":{"rendered":"Le Massager"},"content":{"rendered":"<p>A genuine professional training tool, Le Massager was a quarterly magazine on massage therapy published by the F\u00e9d\u00e9ration qu\u00e9b\u00e9coise des massoth\u00e9rapeutes agr\u00e9\u00e9s in paper format until 2020.<\/p>\n<p>A green shift has since been initiated to make its content more accessible and free of charge by having <a href=\"https:\/\/www.fqm.qc.ca\/le-massager\/\">a section of the site reserved for it<\/a>. This new section contains articles on massage techniques, scientific research, entrepreneurship and a host of topical issues affecting the profession.<\/p>\n<p>Find the different volumes of Le Massager in your Members&#8217; Portal (in French only)<\/p>\n<p style=\"text-align: center;\"><a href=\"https:\/\/extranet.fqm.qc.ca\/content\/archives-du-massager\" target=\"_blank\" rel=\"noopener noreferrer\"><img loading=\"lazy\" decoding=\"async\" class=\"alignnone wp-image-2851\" src=\"https:\/\/www.fqm.qc.ca\/wp-content\/uploads\/2017\/07\/le-massager-300x114.jpg\" alt=\"\" width=\"984\" height=\"374\" srcset=\"https:\/\/www.fqm.qc.ca\/wp-content\/uploads\/2017\/07\/le-massager-300x114.jpg 300w, https:\/\/www.fqm.qc.ca\/wp-content\/uploads\/2017\/07\/le-massager-768x292.jpg 768w, https:\/\/www.fqm.qc.ca\/wp-content\/uploads\/2017\/07\/le-massager-730x278.jpg 730w, https:\/\/www.fqm.qc.ca\/wp-content\/uploads\/2017\/07\/le-massager-275x105.jpg 275w, https:\/\/www.fqm.qc.ca\/wp-content\/uploads\/2017\/07\/le-massager.jpg 828w\" sizes=\"auto, (max-width: 984px) 100vw, 984px\" \/><\/a><\/p>\n<p>&nbsp;<\/p>\n","protected":false},"excerpt":{"rendered":"<p>A genuine professional training tool, Le Massager was a quarterly magazine on massage therapy published by the F\u00e9d\u00e9ration qu\u00e9b\u00e9coise des massoth\u00e9rapeutes agr\u00e9\u00e9s in paper format until 2020. A green shift has since been initiated to make its content more accessible and free of charge by having a section of the site reserved for it. This [&hellip;]<\/p>\n","protected":false},"author":3,"featured_media":0,"parent":4622,"menu_order":5,"comment_status":"closed","ping_status":"closed","template":"","meta":{"_acf_changed":false,"footnotes":""},"class_list":["post-4626","page","type-page","status-publish","hentry"],"acf":[],"_links":{"self":[{"href":"https:\/\/www.fqm.qc.ca\/en\/wp-json\/wp\/v2\/pages\/4626","targetHints":{"allow":["GET"]}}],"collection":[{"href":"https:\/\/www.fqm.qc.ca\/en\/wp-json\/wp\/v2\/pages"}],"about":[{"href":"https:\/\/www.fqm.qc.ca\/en\/wp-json\/wp\/v2\/types\/page"}],"author":[{"embeddable":true,"href":"https:\/\/www.fqm.qc.ca\/en\/wp-json\/wp\/v2\/users\/3"}],"replies":[{"embeddable":true,"href":"https:\/\/www.fqm.qc.ca\/en\/wp-json\/wp\/v2\/comments?post=4626"}],"version-history":[{"count":4,"href":"https:\/\/www.fqm.qc.ca\/en\/wp-json\/wp\/v2\/pages\/4626\/revisions"}],"predecessor-version":[{"id":81385,"href":"https:\/\/www.fqm.qc.ca\/en\/wp-json\/wp\/v2\/pages\/4626\/revisions\/81385"}],"up":[{"embeddable":true,"href":"https:\/\/www.fqm.qc.ca\/en\/wp-json\/wp\/v2\/pages\/4622"}],"wp:attachment":[{"href":"https:\/\/www.fqm.qc.ca\/en\/wp-json\/wp\/v2\/media?parent=4626"}],"curies":[{"name":"wp","href":"https:\/\/api.w.org\/{rel}","templated":true}]}}