{"id":4624,"date":"2017-05-12T15:48:40","date_gmt":"2017-05-12T19:48:40","guid":{"rendered":"https:\/\/www.fqm.qc.ca\/membres\/bibliotheque\/"},"modified":"2024-06-06T10:28:19","modified_gmt":"2024-06-06T14:28:19","slug":"bibliotheque","status":"publish","type":"page","link":"https:\/\/www.fqm.qc.ca\/en\/members\/bibliotheque\/","title":{"rendered":"Library"},"content":{"rendered":"<p><img loading=\"lazy\" decoding=\"async\" class=\"aligncenter wp-image-75036 size-full\" src=\"https:\/\/www.fqm.qc.ca\/wp-content\/uploads\/2023\/09\/Sans-titre-1024-x-384-px-21.png\" alt=\"\" width=\"1024\" height=\"384\" srcset=\"https:\/\/www.fqm.qc.ca\/wp-content\/uploads\/2023\/09\/Sans-titre-1024-x-384-px-21.png 1024w, https:\/\/www.fqm.qc.ca\/wp-content\/uploads\/2023\/09\/Sans-titre-1024-x-384-px-21-300x113.png 300w, https:\/\/www.fqm.qc.ca\/wp-content\/uploads\/2023\/09\/Sans-titre-1024-x-384-px-21-768x288.png 768w, https:\/\/www.fqm.qc.ca\/wp-content\/uploads\/2023\/09\/Sans-titre-1024-x-384-px-21-730x274.png 730w, https:\/\/www.fqm.qc.ca\/wp-content\/uploads\/2023\/09\/Sans-titre-1024-x-384-px-21-275x103.png 275w\" sizes=\"auto, (max-width: 1024px) 100vw, 1024px\" \/><\/p>\n<p>We have centralized here all documents and forms related to the FQM and massage therapy.<\/p>\n<p>They are classified by category.<\/p>\n<p>If you do not find what you are looking for, please do not hesitate to contact us at 514 597-0505 or toll free at 1 800-363-960<\/p>\n<div class=\"field-item odd\">\n<div class=\"field-collection-view clearfix\">\n<fieldset class=\"collapsible collapsed form-wrapper collapse-processed\">\n<legend><\/legend>\n<div class=\"field field-name-field-categorie field-type-text field-label-hidden\">\n<div class=\"field-items\">\n<h3 class=\"field-item even\">General rules of the FQM\u00a0<\/h3>\n<div>\u00a0<\/div>\n<div class=\"field-item even\"><a title=\"gab-ar_026_-_reglements_generaux_fqm.pdf\" href=\"https:\/\/www.fqm.qc.ca\/wp-content\/uploads\/2024\/01\/Reglements-generaux_2023_A.pdf\" target=\"_blank\" rel=\"noopener noreferrer\" type=\"application\/pdf; length=1331713\">General rules of the FQM<\/a><\/div>\n<\/div>\n<\/div>\n<\/fieldset>\n<\/div>\n<\/div>\n<div class=\"field-item odd\">\n<div class=\"field-collection-view clearfix\">\n<fieldset class=\"collapsible collapsed form-wrapper collapse-processed\">\n<legend><\/legend>\n<div class=\"field field-name-field-categorie field-type-text field-label-hidden\">\n<div class=\"field-items\">\n<h3 class=\"field-item even\">Documents related to the admission procedure<\/h3>\n<ul>\n<li><a href=\"https:\/\/www.fqm.qc.ca\/wp-content\/uploads\/2024\/01\/GAB-AR-043-Normes-dadmission-%E2%80%93-FQM-version-ang.pdf\" target=\"_blank\" rel=\"noopener noreferrer\">Conditions of membership to become a member of the FQM<\/a><\/li>\n<\/ul>\n<div class=\"field-item even\">\n<div class=\"field-item even\">\n<ul>\n<li><a href=\"https:\/\/www.fqm.qc.ca\/wp-content\/uploads\/2024\/02\/FOR-AR-030-Formulaire-douverture-de-dossier-anglais.pdf\" target=\"_blank\" rel=\"noopener noreferrer\">File opening form<\/a><\/li>\n<li><a href=\"https:\/\/www.fqm.qc.ca\/wp-content\/uploads\/2024\/02\/FOR-AR-009-Declaration-solennelle-bilingue.pdf\" target=\"_blank\" rel=\"noopener noreferrer\">Solemn declaration<\/a><\/li>\n<li><a href=\"https:\/\/www.fqm.qc.ca\/wp-content\/uploads\/2024\/02\/FOR-AR-039-Lettre-de-consentement-VA-anglaise.pdf\" target=\"_blank\" rel=\"noopener noreferrer\">Letter of consent<\/a>\u00a0\u00a0<\/li>\n<li><a href=\"https:\/\/www.fqm.qc.ca\/wp-content\/uploads\/2024\/02\/FOR-AC-019-Questionnaire-sur-la-qualite-de-la-formation-anglais.pdf\" target=\"_blank\" rel=\"noopener noreferrer\">Questionnaire on the quality of completed training<\/a><\/li>\n<\/ul>\n<p><a href=\"https:\/\/www.fqm.qc.ca\/wp-content\/uploads\/2024\/02\/procedure-adhesion_Hors-quebec.pdf\" target=\"_blank\" rel=\"noopener\">Membership Procedures for Massage Therapy Graduates from Outside Qu\u00e9bec<\/a><\/p>\n<p>If you wish to speed up the process \u2013 for example, because you will start a new job soon \u2013 when you have not yet received the details of your class hours, you can have your\u00a0<a href=\"https:\/\/www.fqm.qc.ca\/en\/accredited-schools\/\" target=\"_blank\" rel=\"noopener noreferrer\">accredited school<\/a>\u00a0complete a training confirmation letter completed:<\/p>\n<ul>\n<li><a href=\"https:\/\/www.fqm.qc.ca\/wp-content\/uploads\/2024\/02\/FOR-AR-042-Lettre-de-confirmation-de-formation-completee-ANGLAIS.pdf\" target=\"_blank\" rel=\"noopener noreferrer\">Download the confirmation letter<\/a><\/li>\n<\/ul>\n<\/div>\n<div>\n<h3>Protecting the public<\/h3>\n<ul>\n<li><a href=\"https:\/\/www.fqm.qc.ca\/wp-content\/uploads\/2024\/01\/GAB-EP-002-Reglement-sur-linspection-prof-rev.2-23oct2023EN-2.pdf\" target=\"_blank\" rel=\"noopener\">Professional Inspection Regulation<\/a><\/li>\n<li><a href=\"https:\/\/www.fqm.qc.ca\/wp-content\/uploads\/2024\/01\/GAB-EP-005-AN_Depliant-Inspection-professionnelle.pdf\" target=\"_blank\" rel=\"noopener\">Professional inspection leaflet<\/a><\/li>\n<li><a href=\"https:\/\/www.fqm.qc.ca\/wp-content\/uploads\/2024\/01\/Code_Deontologie_2023_A.pdf\" target=\"_blank\" rel=\"noopener\">Code of deontology<\/a><\/li>\n<li id=\"menu-item-37062\" class=\"menu-item menu-item-type-post_type menu-item-object-page menu-item-37062\"><a href=\"https:\/\/www.fqm.qc.ca\/wp-content\/uploads\/2024\/01\/FOR-EP-007-Demande-denquete-version-plaignant-english-2.docx\" target=\"_blank\" rel=\"noopener\" data-pageid=\"4619\">Investigation request and process<\/a><\/li>\n<\/ul>\n<h3 class=\"fqm23_title\">Training in massage therapy<\/h3>\n<p><strong><a href=\"https:\/\/www.fqm.qc.ca\/wp-content\/uploads\/2024\/06\/3-profils-de-formation_rev5_2023_AN_WEB.pdf\" target=\"_blank\" rel=\"noopener noreferrer\">Mod\u00e8le qu\u00e9b\u00e9cois de la massoth\u00e9rapie<\/a><\/strong><\/p>\n<\/div>\n<\/div>\n<\/div>\n<\/div>\n<\/fieldset>\n<\/div>\n<\/div>\n","protected":false},"excerpt":{"rendered":"<p>We have centralized here all documents and forms related to the FQM and massage therapy. They are classified by category. If you do not find what you are looking for, please do not hesitate to contact us at 514 597-0505 or toll free at 1 800-363-960 General rules of the FQM\u00a0 \u00a0 General rules of [&hellip;]<\/p>\n","protected":false},"author":4,"featured_media":0,"parent":4622,"menu_order":4,"comment_status":"closed","ping_status":"closed","template":"","meta":{"_acf_changed":false,"footnotes":""},"class_list":["post-4624","page","type-page","status-publish","hentry"],"acf":[],"_links":{"self":[{"href":"https:\/\/www.fqm.qc.ca\/en\/wp-json\/wp\/v2\/pages\/4624","targetHints":{"allow":["GET"]}}],"collection":[{"href":"https:\/\/www.fqm.qc.ca\/en\/wp-json\/wp\/v2\/pages"}],"about":[{"href":"https:\/\/www.fqm.qc.ca\/en\/wp-json\/wp\/v2\/types\/page"}],"author":[{"embeddable":true,"href":"https:\/\/www.fqm.qc.ca\/en\/wp-json\/wp\/v2\/users\/4"}],"replies":[{"embeddable":true,"href":"https:\/\/www.fqm.qc.ca\/en\/wp-json\/wp\/v2\/comments?post=4624"}],"version-history":[{"count":5,"href":"https:\/\/www.fqm.qc.ca\/en\/wp-json\/wp\/v2\/pages\/4624\/revisions"}],"predecessor-version":[{"id":77377,"href":"https:\/\/www.fqm.qc.ca\/en\/wp-json\/wp\/v2\/pages\/4624\/revisions\/77377"}],"up":[{"embeddable":true,"href":"https:\/\/www.fqm.qc.ca\/en\/wp-json\/wp\/v2\/pages\/4622"}],"wp:attachment":[{"href":"https:\/\/www.fqm.qc.ca\/en\/wp-json\/wp\/v2\/media?parent=4624"}],"curies":[{"name":"wp","href":"https:\/\/api.w.org\/{rel}","templated":true}]}}