{"id":4600,"date":"2017-04-27T08:33:04","date_gmt":"2017-04-27T12:33:04","guid":{"rendered":"https:\/\/www.fqm.qc.ca\/massotherapie\/assurances-remboursement\/"},"modified":"2023-11-09T13:47:52","modified_gmt":"2023-11-09T18:47:52","slug":"insurance-and-reimbursement","status":"publish","type":"page","link":"https:\/\/www.fqm.qc.ca\/en\/massage-therapy\/insurance-and-reimbursement\/","title":{"rendered":"Insurance and reimbursement"},"content":{"rendered":"<p style=\"text-align: center;\" data-tadv-p=\"keep\">\u00a0<\/p>\n<p><img loading=\"lazy\" decoding=\"async\" class=\"aligncenter wp-image-74938 size-full\" src=\"https:\/\/www.fqm.qc.ca\/wp-content\/uploads\/2023\/09\/Assurances-et-remboursement.png\" alt=\"\" width=\"1024\" height=\"384\" srcset=\"https:\/\/www.fqm.qc.ca\/wp-content\/uploads\/2023\/09\/Assurances-et-remboursement.png 1024w, https:\/\/www.fqm.qc.ca\/wp-content\/uploads\/2023\/09\/Assurances-et-remboursement-300x113.png 300w, https:\/\/www.fqm.qc.ca\/wp-content\/uploads\/2023\/09\/Assurances-et-remboursement-768x288.png 768w, https:\/\/www.fqm.qc.ca\/wp-content\/uploads\/2023\/09\/Assurances-et-remboursement-730x274.png 730w, https:\/\/www.fqm.qc.ca\/wp-content\/uploads\/2023\/09\/Assurances-et-remboursement-275x103.png 275w\" sizes=\"auto, (max-width: 1024px) 100vw, 1024px\" \/><\/p>\n<p>By entrusting your well-being to a member of the F\u00e9d\u00e9ration qu\u00e9b\u00e9coise des massoth\u00e9rapeutes agr\u00e9\u00e9s<sup>TM<\/sup>, you can rest assured that you are in good hands: In addition to receiving safe and quality care, you can be certain that your insurer will reimburse you for the amounts due.<\/p>\n<h2><strong>Recognition of the FQM and its members from insurance companies<\/strong><\/h2>\n<p>Given its <strong>ISO 9001: 2015 <\/strong>certification from the <a href=\"https:\/\/www.bnq.qc.ca\/fr\/\">Bureau de normalisation du Qu\u00e9bec<\/a> (BNQ), the FQM has excellent relations, founded on trust, with the vast majority of insurance companies, which recognize the quality and professionalism of certified massage therapists. The FQM is recognized by leading insurance companies:<\/p>\n<ul>\n<li>Desjardins<\/li>\n<li>SSQ<\/li>\n<li>Manulife<\/li>\n<li>Sunlife<\/li>\n<li>Canada Life (formerly Great-West)<\/li>\n<li>Industrial Alliance<\/li>\n<li>La Capitale<\/li>\n<li>Blue Cross<\/li>\n<li>Empire Life<\/li>\n<li>Greenshield<\/li>\n<\/ul>\n<p>Of all the massage therapy associations in Qu\u00e9bec, the FQM is the only one whose efforts to <a href=\"https:\/\/www.fqm.qc.ca\/en\/professional-project\/\" target=\"_blank\" rel=\"noopener\">regulate the massage therapy profession<\/a> are supported by a great many insurance companies, including the <a href=\"https:\/\/www.clhia.ca\/\">Canadian Life &amp; Health Insurance Association<\/a>. We\u2019ve staked out our position over a period of decades, and we interact with major health organizations, including the <a href=\"https:\/\/www.fqm.qc.ca\/wp-content\/uploads\/2017\/05\/appui_du_college_des_medecins.pdf\">Coll\u00e8ge des m\u00e9decins du Qu\u00e9bec<\/a><u>,<\/u>\u00a0which supports our efforts.\u00a0<\/p>\n<h2><strong>Questions<\/strong><\/h2>\n<p>If you have any concerns or questions regarding an insurance receipt or a reimbursement, please contact our reception desk at <a href=\"mailto:1-800-363-9609\">1 800 363-9609<\/a> or write to us at administration@fqm.qc.ca<\/p>\n<p>&nbsp;<\/p>\n<h2>News<\/h2>\n<p><img loading=\"lazy\" decoding=\"async\" class=\"alignnone wp-image-76003 size-full\" src=\"https:\/\/www.fqm.qc.ca\/wp-content\/uploads\/2023\/11\/17.png\" alt=\"\" width=\"352\" height=\"109\" srcset=\"https:\/\/www.fqm.qc.ca\/wp-content\/uploads\/2023\/11\/17.png 352w, https:\/\/www.fqm.qc.ca\/wp-content\/uploads\/2023\/11\/17-300x93.png 300w, https:\/\/www.fqm.qc.ca\/wp-content\/uploads\/2023\/11\/17-275x85.png 275w\" sizes=\"auto, (max-width: 352px) 100vw, 352px\" \/><img loading=\"lazy\" decoding=\"async\" class=\"alignnone wp-image-76032 size-full\" src=\"https:\/\/www.fqm.qc.ca\/wp-content\/uploads\/2023\/11\/Massotherapie-et-Covid-19-352-\u00d7-109-px-22-1.png\" alt=\"\" width=\"352\" height=\"109\" srcset=\"https:\/\/www.fqm.qc.ca\/wp-content\/uploads\/2023\/11\/Massotherapie-et-Covid-19-352-\u00d7-109-px-22-1.png 352w, https:\/\/www.fqm.qc.ca\/wp-content\/uploads\/2023\/11\/Massotherapie-et-Covid-19-352-\u00d7-109-px-22-1-300x93.png 300w, https:\/\/www.fqm.qc.ca\/wp-content\/uploads\/2023\/11\/Massotherapie-et-Covid-19-352-\u00d7-109-px-22-1-275x85.png 275w\" sizes=\"auto, (max-width: 352px) 100vw, 352px\" \/><a href=\"https:\/\/www.fqm.qc.ca\/en\/members\/service-ereclamations-de-telus-sante\/\" target=\"_blank\" rel=\"noopener\"><img loading=\"lazy\" decoding=\"async\" class=\"wp-image-76020 size-full alignleft\" src=\"https:\/\/www.fqm.qc.ca\/wp-content\/uploads\/2023\/11\/20-1.png\" alt=\"\" width=\"352\" height=\"109\" srcset=\"https:\/\/www.fqm.qc.ca\/wp-content\/uploads\/2023\/11\/20-1.png 352w, https:\/\/www.fqm.qc.ca\/wp-content\/uploads\/2023\/11\/20-1-300x93.png 300w, https:\/\/www.fqm.qc.ca\/wp-content\/uploads\/2023\/11\/20-1-275x85.png 275w\" sizes=\"auto, (max-width: 352px) 100vw, 352px\" \/><\/a><\/p>\n<p>&nbsp;<\/p>\n","protected":false},"excerpt":{"rendered":"<p>\u00a0 By entrusting your well-being to a member of the F\u00e9d\u00e9ration qu\u00e9b\u00e9coise des massoth\u00e9rapeutes agr\u00e9\u00e9sTM, you can rest assured that you are in good hands: In addition to receiving safe and quality care, you can be certain that your insurer will reimburse you for the amounts due. Recognition of the FQM and its members from [&hellip;]<\/p>\n","protected":false},"author":4,"featured_media":0,"parent":4592,"menu_order":27,"comment_status":"closed","ping_status":"closed","template":"","meta":{"_acf_changed":false,"footnotes":""},"class_list":["post-4600","page","type-page","status-publish","hentry"],"acf":[],"_links":{"self":[{"href":"https:\/\/www.fqm.qc.ca\/en\/wp-json\/wp\/v2\/pages\/4600","targetHints":{"allow":["GET"]}}],"collection":[{"href":"https:\/\/www.fqm.qc.ca\/en\/wp-json\/wp\/v2\/pages"}],"about":[{"href":"https:\/\/www.fqm.qc.ca\/en\/wp-json\/wp\/v2\/types\/page"}],"author":[{"embeddable":true,"href":"https:\/\/www.fqm.qc.ca\/en\/wp-json\/wp\/v2\/users\/4"}],"replies":[{"embeddable":true,"href":"https:\/\/www.fqm.qc.ca\/en\/wp-json\/wp\/v2\/comments?post=4600"}],"version-history":[{"count":3,"href":"https:\/\/www.fqm.qc.ca\/en\/wp-json\/wp\/v2\/pages\/4600\/revisions"}],"predecessor-version":[{"id":76045,"href":"https:\/\/www.fqm.qc.ca\/en\/wp-json\/wp\/v2\/pages\/4600\/revisions\/76045"}],"up":[{"embeddable":true,"href":"https:\/\/www.fqm.qc.ca\/en\/wp-json\/wp\/v2\/pages\/4592"}],"wp:attachment":[{"href":"https:\/\/www.fqm.qc.ca\/en\/wp-json\/wp\/v2\/media?parent=4600"}],"curies":[{"name":"wp","href":"https:\/\/api.w.org\/{rel}","templated":true}]}}