{"id":4593,"date":"2017-07-31T16:05:22","date_gmt":"2017-07-31T20:05:22","guid":{"rendered":"https:\/\/www.fqm.qc.ca\/massotherapie\/portail-reserve-aux-assureurs\/"},"modified":"2025-10-16T10:38:04","modified_gmt":"2025-10-16T14:38:04","slug":"insurer-portal","status":"publish","type":"page","link":"https:\/\/www.fqm.qc.ca\/en\/massage-therapy\/insurer-portal\/","title":{"rendered":"Insurer portal"},"content":{"rendered":"<p style=\"text-align: center;\" data-tadv-p=\"keep\">\u00a0<\/p>\n<p><img loading=\"lazy\" decoding=\"async\" class=\"aligncenter wp-image-74942 size-full\" src=\"https:\/\/www.fqm.qc.ca\/wp-content\/uploads\/2023\/09\/petites-aannoces.png\" alt=\"\" width=\"1024\" height=\"384\" srcset=\"https:\/\/www.fqm.qc.ca\/wp-content\/uploads\/2023\/09\/petites-aannoces.png 1024w, https:\/\/www.fqm.qc.ca\/wp-content\/uploads\/2023\/09\/petites-aannoces-300x113.png 300w, https:\/\/www.fqm.qc.ca\/wp-content\/uploads\/2023\/09\/petites-aannoces-768x288.png 768w, https:\/\/www.fqm.qc.ca\/wp-content\/uploads\/2023\/09\/petites-aannoces-730x274.png 730w, https:\/\/www.fqm.qc.ca\/wp-content\/uploads\/2023\/09\/petites-aannoces-275x103.png 275w\" sizes=\"auto, (max-width: 1024px) 100vw, 1024px\" \/><\/p>\n<p>As part of its efforts to prevent fraud, the F\u00e9d\u00e9ration qu\u00e9b\u00e9coise des massoth\u00e9rapeutes agr\u00e9\u00e9s (FQM) continues to regulate its members who are no longer allowed to issue receipts for insurance purposes.<\/p>\n<p>The FQM regularly provides a list of all active members, including new members and anyone whose status has changed from inactive to active member of the F\u00e9d\u00e9ration.<\/p>\n<h4><strong>Insurers-Only Portal<\/strong><\/h4>\n<p>Insurance company representatives can now access a section of our website reserved exclusively for them. In addition to viewing information on member status, they can consult our database to independently verify usage.<\/p>\n<p>To obtain your access codes, please <strong>contact our member services at <a href=\"mailto:support.fqm.qc.ca\">support.fqm.qc.ca<\/a>, or call 1 800 363-9609<\/strong><\/p>\n<p>Once you have received your access codes, you can log in by <a href=\"https:\/\/extranet.fqm.qc.ca\/en\/insurer\" target=\"_blank\" rel=\"noopener noreferrer\"><strong>clicking HERE<\/strong><\/a>.<\/p>\n<h4 style=\"text-align: justify;\"><strong>Our Control Measures<\/strong><\/h4>\n<p>For the peace of mind of insurers and their clients, the FQM has introduced control and information measures which have significantly reduced the fraudulent use of insurance receipts.<\/p>\n<p>For more information, feel free to contact us.<\/p>\n","protected":false},"excerpt":{"rendered":"<p>\u00a0 As part of its efforts to prevent fraud, the F\u00e9d\u00e9ration qu\u00e9b\u00e9coise des massoth\u00e9rapeutes agr\u00e9\u00e9s (FQM) continues to regulate its members who are no longer allowed to issue receipts for insurance purposes. The FQM regularly provides a list of all active members, including new members and anyone whose status has changed from inactive to active [&hellip;]<\/p>\n","protected":false},"author":3,"featured_media":0,"parent":4592,"menu_order":15,"comment_status":"closed","ping_status":"closed","template":"","meta":{"_acf_changed":false,"footnotes":""},"class_list":["post-4593","page","type-page","status-publish","hentry"],"acf":[],"_links":{"self":[{"href":"https:\/\/www.fqm.qc.ca\/en\/wp-json\/wp\/v2\/pages\/4593","targetHints":{"allow":["GET"]}}],"collection":[{"href":"https:\/\/www.fqm.qc.ca\/en\/wp-json\/wp\/v2\/pages"}],"about":[{"href":"https:\/\/www.fqm.qc.ca\/en\/wp-json\/wp\/v2\/types\/page"}],"author":[{"embeddable":true,"href":"https:\/\/www.fqm.qc.ca\/en\/wp-json\/wp\/v2\/users\/3"}],"replies":[{"embeddable":true,"href":"https:\/\/www.fqm.qc.ca\/en\/wp-json\/wp\/v2\/comments?post=4593"}],"version-history":[{"count":4,"href":"https:\/\/www.fqm.qc.ca\/en\/wp-json\/wp\/v2\/pages\/4593\/revisions"}],"predecessor-version":[{"id":81378,"href":"https:\/\/www.fqm.qc.ca\/en\/wp-json\/wp\/v2\/pages\/4593\/revisions\/81378"}],"up":[{"embeddable":true,"href":"https:\/\/www.fqm.qc.ca\/en\/wp-json\/wp\/v2\/pages\/4592"}],"wp:attachment":[{"href":"https:\/\/www.fqm.qc.ca\/en\/wp-json\/wp\/v2\/media?parent=4593"}],"curies":[{"name":"wp","href":"https:\/\/api.w.org\/{rel}","templated":true}]}}