{"id":4583,"date":"2018-03-20T10:57:30","date_gmt":"2018-03-20T14:57:30","guid":{"rendered":"https:\/\/www.fqm.qc.ca\/la-fqm\/valeurs-de-la-fqm\/"},"modified":"2024-01-15T08:15:49","modified_gmt":"2024-01-15T13:15:49","slug":"fqm-values","status":"publish","type":"page","link":"https:\/\/www.fqm.qc.ca\/en\/fqm\/fqm-values\/","title":{"rendered":"The FQM&#8217;s values"},"content":{"rendered":"<h2>\u00a0<\/h2>\n<h2><img loading=\"lazy\" decoding=\"async\" class=\"aligncenter wp-image-74901 size-full\" src=\"https:\/\/www.fqm.qc.ca\/wp-content\/uploads\/2023\/09\/valeur-02-1.png\" alt=\"\" width=\"1024\" height=\"384\" srcset=\"https:\/\/www.fqm.qc.ca\/wp-content\/uploads\/2023\/09\/valeur-02-1.png 1024w, https:\/\/www.fqm.qc.ca\/wp-content\/uploads\/2023\/09\/valeur-02-1-300x113.png 300w, https:\/\/www.fqm.qc.ca\/wp-content\/uploads\/2023\/09\/valeur-02-1-768x288.png 768w, https:\/\/www.fqm.qc.ca\/wp-content\/uploads\/2023\/09\/valeur-02-1-730x274.png 730w, https:\/\/www.fqm.qc.ca\/wp-content\/uploads\/2023\/09\/valeur-02-1-275x103.png 275w\" sizes=\"auto, (max-width: 1024px) 100vw, 1024px\" \/><\/h2>\n<h2><strong>THE FEDERATION VALUES THE FOLLOWING:<\/strong><\/h2>\n<h3 style=\"text-align: justify;\"><span style=\"color: #008000;\">Integrity<\/span><\/h3>\n<p>The FQM respects the highest standards of ethics and moral principles. <a href=\"https:\/\/www.fqm.qc.ca\/en\/fqm\/team\/\" target=\"_blank\" rel=\"noopener\">Its staff<\/a> and members are subject to a code of deontology, and the organization has in place a<a href=\"https:\/\/www.fqm.qc.ca\/en\/protecting-the-public\/investigation\/\" target=\"_blank\" rel=\"noopener\"> trustee<\/a>, a disciplinary committee and a <a href=\"https:\/\/www.fqm.qc.ca\/en\/protecting-the-public\/oversight\/\" target=\"_blank\" rel=\"noopener\">professional inspection committee<\/a>, which ensure the FQM&#8217;s integrity, honesty, transparency, openness and fairness.<\/p>\n<h3 style=\"text-align: justify;\"><span style=\"color: #008000;\">Respect<\/span><\/h3>\n<p>The FQM values inclusion and diversity among its members and staff, while encouraging their professional development and growth. In a spirit of collaboration and sharing, the FQM recognizes the contribution of all to its success and reputation. It is based on respect for the individual, whether they are a client, employee, member, partner or volunteer.<\/p>\n<h3 style=\"text-align: justify;\"><span style=\"color: #008000;\">Excellence<\/span><\/h3>\n<p>The FQM strives for excellence in its services and organization daily. <a href=\"https:\/\/www.fqm.qc.ca\/en\/fqm\/certification-iso-9001-2015\/\" target=\"_blank\" rel=\"noopener\">ISO 9001:2015 certified<\/a>, it strives for the highest standards of quality and values innovation, collaboration and creativity in each of its sectors of activity. The FQM is the authority par excellence in the field of massage therapy in Quebec.<\/p>\n<h3 style=\"text-align: justify;\"><span style=\"color: #008000;\">Commitment<\/span><\/h3>\n<p>Always attentive to its members, the public and its various partners, the FQM offers services adapted to the needs of its various clienteles. To do so, it makes sure it understands and grasps reality in order to be able to adapt to the changing context of massage therapy in Quebec.<\/p>\n<h3 style=\"text-align: justify;\"><span style=\"color: #008000;\">Social responsibility <\/span><\/h3>\n<p>In order to contribute to the health of the Quebec population, the FQM created <a href=\"https:\/\/www.fqm.qc.ca\/en\/fqm\/social-commitment-of-the-fqm\/\" target=\"_blank\" rel=\"noopener\">the Fondation de la massoth\u00e9rapie<\/a> in 2010, whose mission is to offer free massage therapy to people living with cancer or chronic pain. The FQM assumes the entire administrative costs of its Foundation, which employs only certified massage therapists.<\/p>\n<h2 style=\"text-align: left;\">FOR MORE INFORMATION ON THE FQM:<\/h2>\n<blockquote class=\"wp-embedded-content\" data-secret=\"GUOsuyk4tO\">\n<p><a href=\"https:\/\/www.fqm.qc.ca\/en\/fqm\/mission-vision\/\" target=\"_blank\" rel=\"noopener\">Mission and vision<\/a><\/p>\n<\/blockquote>\n<blockquote class=\"wp-embedded-content\" data-secret=\"otV8OQbN1Q\">\n<p><a href=\"https:\/\/www.fqm.qc.ca\/en\/fqm\/valeurs-de-la-fqm\/\" target=\"_blank\" rel=\"noopener\">The FQM&#8217;s values\u00a0<\/a><\/p>\n<p><a href=\"https:\/\/www.fqm.qc.ca\/en\/massage-therapy\/benefits\/\">The benefits<\/a><\/p>\n<\/blockquote>\n<blockquote class=\"wp-embedded-content\" data-secret=\"XMJAVyE0xa\">\n<p><a href=\"https:\/\/www.fqm.qc.ca\/en\/fqm\/professional-project\/\" target=\"_blank\" rel=\"noopener\">Professional order project<\/a><\/p>\n<\/blockquote>\n<blockquote class=\"wp-embedded-content\" data-secret=\"NouL3muTMH\">\n<p><a href=\"https:\/\/www.fqm.qc.ca\/en\/massage-therapy\/what-is-massage-therapy\/\">What is massage therapy?<\/a><\/p>\n<\/blockquote>\n<blockquote class=\"wp-embedded-content\" data-secret=\"rF2yysypth\">\n<p><a href=\"https:\/\/www.fqm.qc.ca\/en\/search-masso\/\" target=\"_blank\" rel=\"noopener\">Find a massoth\u00e9rapeute agr\u00e9\u00e9<\/a>\u00a0<\/p>\n<\/blockquote>\n<h6>\u00a0<\/h6>\n","protected":false},"excerpt":{"rendered":"<p>\u00a0 THE FEDERATION VALUES THE FOLLOWING: Integrity The FQM respects the highest standards of ethics and moral principles. Its staff and members are subject to a code of deontology, and the organization has in place a trustee, a disciplinary committee and a professional inspection committee, which ensure the FQM&#8217;s integrity, honesty, transparency, openness and fairness. [&hellip;]<\/p>\n","protected":false},"author":3,"featured_media":0,"parent":4581,"menu_order":0,"comment_status":"closed","ping_status":"closed","template":"","meta":{"_acf_changed":false,"footnotes":""},"class_list":["post-4583","page","type-page","status-publish","hentry"],"acf":[],"_links":{"self":[{"href":"https:\/\/www.fqm.qc.ca\/en\/wp-json\/wp\/v2\/pages\/4583","targetHints":{"allow":["GET"]}}],"collection":[{"href":"https:\/\/www.fqm.qc.ca\/en\/wp-json\/wp\/v2\/pages"}],"about":[{"href":"https:\/\/www.fqm.qc.ca\/en\/wp-json\/wp\/v2\/types\/page"}],"author":[{"embeddable":true,"href":"https:\/\/www.fqm.qc.ca\/en\/wp-json\/wp\/v2\/users\/3"}],"replies":[{"embeddable":true,"href":"https:\/\/www.fqm.qc.ca\/en\/wp-json\/wp\/v2\/comments?post=4583"}],"version-history":[{"count":4,"href":"https:\/\/www.fqm.qc.ca\/en\/wp-json\/wp\/v2\/pages\/4583\/revisions"}],"predecessor-version":[{"id":76637,"href":"https:\/\/www.fqm.qc.ca\/en\/wp-json\/wp\/v2\/pages\/4583\/revisions\/76637"}],"up":[{"embeddable":true,"href":"https:\/\/www.fqm.qc.ca\/en\/wp-json\/wp\/v2\/pages\/4581"}],"wp:attachment":[{"href":"https:\/\/www.fqm.qc.ca\/en\/wp-json\/wp\/v2\/media?parent=4583"}],"curies":[{"name":"wp","href":"https:\/\/api.w.org\/{rel}","templated":true}]}}